{"id":527,"date":"2020-05-20T12:04:11","date_gmt":"2020-05-20T15:04:11","guid":{"rendered":"https:\/\/maximaeletrobikes.com.br\/curitiba\/?page_id=527"},"modified":"2020-05-20T12:05:11","modified_gmt":"2020-05-20T15:05:11","slug":"politica-de-privacidade","status":"publish","type":"page","link":"https:\/\/maximaeletrobikes.com.br\/curitiba\/politica-de-privacidade\/","title":{"rendered":"Pol\u00edtica de Privacidade"},"content":{"rendered":"\n<p><strong>Pol\u00edtica de Privacidade<\/strong><\/p>\n<p>N\u00f3s respeitamos sua privacidade e protegemos seus dados. Elaboramos esta Pol\u00edtica para ser o mais clara e objetiva poss\u00edvel, mas se tiver outras d\u00favidas \u00e9 s\u00f3 entrar em contato conosco.<\/p>\n<p><strong>Quais dados coletamos e porque? Onde eles s\u00e3o salvos?<\/strong><br \/>Coletamos apenas os dados necess\u00e1rios para emitir a Nota Fiscal (nome e CPF ou CNPJ), entregar seu produto (endere\u00e7o) e contat\u00e1-lo (e-mail e telefone). Estes dados s\u00e3o reunidos formando o cadastro de cada cliente, o qual \u00e9 salvo em servidores seguros (note o \u201chttps\u201d e o cadeado no endere\u00e7o, que indica navega\u00e7\u00e3o segura). Tamb\u00e9m salvamos os dados referentes \u00e0 cada compra realizada em nosso site para que tanto a gente como voc\u00ea possa acompanhar seu hist\u00f3rico de compras.<\/p>\n<p><strong>Voc\u00eas tem acesso ou salvam meu cart\u00e3o de cr\u00e9dito ou outras informa\u00e7\u00f5es banc\u00e1rias?<\/strong><br \/>N\u00c3O. N\u00e3o temos acesso \u00e0 nenhuma informa\u00e7\u00e3o banc\u00e1ria nem n\u00famero de cart\u00e3o ou qualquer outra informa\u00e7\u00e3o deste tipo. Estes dados n\u00e3o s\u00e3o salvos por n\u00f3s nem compartilhados conosco. Na hora do pagamento eles s\u00e3o usados em ambiente seguro apenas para autorizar a compra, n\u00e3o sendo salvos por n\u00f3s, e s\u00e3o sempre criptografados \u2013 novamente, veja o cadeado e o \u201chttps\u201d no endere\u00e7o da p\u00e1gina, garantindo um ambiente protegido.<br \/>O PagSeguro, que intermedi\u00e1 o pagamento de cart\u00e3o de cr\u00e9dito, oferece a op\u00e7\u00e3o de salvar ou n\u00e3o os dados do cart\u00e3o para conveni\u00eancia do cliente numa pr\u00f3xima compra, por\u00e9m estes dados s\u00e3o salvos pelo pr\u00f3prio PagSeguro, e n\u00e3o por n\u00f3s.<\/p>\n<p><strong>Voc\u00eas v\u00e3o usar o e-mail cadastrado para enviar publicidade, promo\u00e7\u00f5es, etc?<\/strong><br \/>N\u00e3o. O e-mail cadastrado na hora da compra serve unicamente para contatos a respeito da compra e andamento do pedido.<\/p>\n<p><strong>Com quem compartilhamos seus dados pessoais?<\/strong><br \/>Seus dados pessoais n\u00e3o s\u00e3o compartilhados com finalidade comercial em nenhum caso. Por\u00e9m, ao emitirmos Nota Fiscal, nosso escrit\u00f3rio de contabilidade e logicamente a Receita Federal tem acesso \u00e0 seus dados. Da mesma forma, os intermediadores de pagamento como PagSeguro, tem acesso \u00e0 seus dados para processar os pagamentos.<br \/>Vale lembrar que os agentes citados acima usam seus dados justamente no intuito de proteger sua compra e identidade, agindo contra fraudes e golpes no com\u00e9rcio eletr\u00f4nico.<\/p>\n<p><strong>D\u00favidas? Outros casos?<\/strong><br \/>Escreva para a gente, estamos \u00e0 disposi\u00e7\u00e3o para ajudar!<\/p>\n\n","protected":false},"excerpt":{"rendered":"<p>Pol\u00edtica de Privacidade N\u00f3s respeitamos sua privacidade e protegemos seus dados. Elaboramos esta Pol\u00edtica para ser o mais clara e objetiva poss\u00edvel, mas se tiver outras d\u00favidas \u00e9 s\u00f3 entrar em contato conosco. Quais dados coletamos e porque? Onde eles s\u00e3o salvos?Coletamos apenas os dados necess\u00e1rios para emitir a Nota Fiscal (nome e CPF ou [&#8230;]\n","protected":false},"author":1,"featured_media":0,"parent":0,"menu_order":0,"comment_status":"closed","ping_status":"closed","template":"","meta":{"footnotes":""},"class_list":["post-527","page","type-page","status-publish","hentry"],"_links":{"self":[{"href":"https:\/\/maximaeletrobikes.com.br\/curitiba\/wp-json\/wp\/v2\/pages\/527","targetHints":{"allow":["GET"]}}],"collection":[{"href":"https:\/\/maximaeletrobikes.com.br\/curitiba\/wp-json\/wp\/v2\/pages"}],"about":[{"href":"https:\/\/maximaeletrobikes.com.br\/curitiba\/wp-json\/wp\/v2\/types\/page"}],"author":[{"embeddable":true,"href":"https:\/\/maximaeletrobikes.com.br\/curitiba\/wp-json\/wp\/v2\/users\/1"}],"replies":[{"embeddable":true,"href":"https:\/\/maximaeletrobikes.com.br\/curitiba\/wp-json\/wp\/v2\/comments?post=527"}],"version-history":[{"count":2,"href":"https:\/\/maximaeletrobikes.com.br\/curitiba\/wp-json\/wp\/v2\/pages\/527\/revisions"}],"predecessor-version":[{"id":529,"href":"https:\/\/maximaeletrobikes.com.br\/curitiba\/wp-json\/wp\/v2\/pages\/527\/revisions\/529"}],"wp:attachment":[{"href":"https:\/\/maximaeletrobikes.com.br\/curitiba\/wp-json\/wp\/v2\/media?parent=527"}],"curies":[{"name":"wp","href":"https:\/\/api.w.org\/{rel}","templated":true}]}}