{"id":1028,"date":"2023-03-10T09:55:55","date_gmt":"2023-03-10T12:55:55","guid":{"rendered":"https:\/\/maximaeletrobikes.com.br\/curitiba\/?post_type=product&#038;p=1028"},"modified":"2026-03-18T23:28:51","modified_gmt":"2026-03-19T02:28:51","slug":"mc-s8-2000w","status":"publish","type":"product","link":"https:\/\/maximaeletrobikes.com.br\/curitiba\/produto\/mc-s8-2000w\/","title":{"rendered":"Scooter Maxima Sudo 1000w"},"content":{"rendered":"<p>Pot\u00eancia 1000w<br \/>\nAutonomia 50 km<br \/>\nSuporta 180 kg<br \/>\nFreio Disco<br \/>\nAlarme com controle remoto<br \/>\nPainel Digital<br \/>\nN\u00e3o precisa habilita\u00e7\u00e3o<\/p>\n","protected":false},"excerpt":{"rendered":"<p>Pot\u00eancia 1000w Autonomia 50 km Suporta 180 kg Freio Disco Alarme com controle remoto Painel Digital N\u00e3o precisa habilita\u00e7\u00e3o<\/p>\n","protected":false},"featured_media":1615,"template":"","meta":[],"product_brand":[],"product_cat":[94,106],"product_tag":[],"class_list":{"0":"post-1028","1":"product","2":"type-product","3":"status-publish","4":"has-post-thumbnail","6":"product_cat-motos-eletricas","7":"product_cat-scooter-1000w","9":"first","10":"instock","11":"shipping-taxable","12":"purchasable","13":"product-type-simple"},"_links":{"self":[{"href":"https:\/\/maximaeletrobikes.com.br\/curitiba\/wp-json\/wp\/v2\/product\/1028","targetHints":{"allow":["GET"]}}],"collection":[{"href":"https:\/\/maximaeletrobikes.com.br\/curitiba\/wp-json\/wp\/v2\/product"}],"about":[{"href":"https:\/\/maximaeletrobikes.com.br\/curitiba\/wp-json\/wp\/v2\/types\/product"}],"wp:featuredmedia":[{"embeddable":true,"href":"https:\/\/maximaeletrobikes.com.br\/curitiba\/wp-json\/wp\/v2\/media\/1615"}],"wp:attachment":[{"href":"https:\/\/maximaeletrobikes.com.br\/curitiba\/wp-json\/wp\/v2\/media?parent=1028"}],"wp:term":[{"taxonomy":"product_brand","embeddable":true,"href":"https:\/\/maximaeletrobikes.com.br\/curitiba\/wp-json\/wp\/v2\/product_brand?post=1028"},{"taxonomy":"product_cat","embeddable":true,"href":"https:\/\/maximaeletrobikes.com.br\/curitiba\/wp-json\/wp\/v2\/product_cat?post=1028"},{"taxonomy":"product_tag","embeddable":true,"href":"https:\/\/maximaeletrobikes.com.br\/curitiba\/wp-json\/wp\/v2\/product_tag?post=1028"}],"curies":[{"name":"wp","href":"https:\/\/api.w.org\/{rel}","templated":true}]}}