{"id":1107,"date":"2023-08-01T16:01:55","date_gmt":"2023-08-01T19:01:55","guid":{"rendered":"https:\/\/maximaeletrobikes.com.br\/curitiba\/?post_type=product&#038;p=1107"},"modified":"2026-03-18T23:28:51","modified_gmt":"2026-03-19T02:28:51","slug":"triciclo-plus-eletrico","status":"publish","type":"product","link":"https:\/\/maximaeletrobikes.com.br\/curitiba\/produto\/triciclo-plus-eletrico\/","title":{"rendered":"Triciclo Plus 1000wts"},"content":{"rendered":"<p>Especifica\u00e7\u00e3o<br \/>\nComprimento 1550 mm<br \/>\nLargura 680 mm<br \/>\nAltura 1100 mm<br \/>\nDist\u00e2ncia do solo 160 mm<br \/>\nDist\u00e2ncia entre eixos 1020 mm<br \/>\nCapacidade de carga 150 Kg<br \/>\nPeso seco 98 kg<br \/>\nCapacidade de subida ?15\u00b0<br \/>\nFreio dianteiro Disco de freio<br \/>\nFreio traseiro Tambor de freio<br \/>\nPot\u00eancia nominal 600 w<br \/>\nRota\u00e7\u00e3o 3000r\/min<br \/>\nTorque nominal 125N.m<br \/>\nTens\u00e3o 48V<br \/>\nBateria (SELADA) 12 V &#8211; 20 Ah \/ Chumbo acido ( 4 bat)<br \/>\nTamanho Pneu 3.00-10<br \/>\nMotor Eletrico 48V<br \/>\nMaterial quadro A\u00e7o Carbono<br \/>\nVelocidade m\u00e1xima 35 km\/h<br \/>\nDistancia com uma\u00a0carga 40-45\u00a0km<\/p>\n","protected":false},"excerpt":{"rendered":"<p>Especifica\u00e7\u00e3o Comprimento 1550 mm Largura 680 mm Altura 1100 mm Dist\u00e2ncia do solo 160 mm Dist\u00e2ncia entre eixos 1020 mm Capacidade de carga 150 Kg Peso seco 98 kg Capacidade de subida ?15\u00b0 Freio dianteiro Disco de freio Freio traseiro Tambor de freio Pot\u00eancia nominal 600 w Rota\u00e7\u00e3o 3000r\/min Torque nominal 125N.m Tens\u00e3o 48V Bateria [&#8230;]\n","protected":false},"featured_media":1108,"template":"","meta":[],"product_brand":[],"product_cat":[98],"product_tag":[],"class_list":{"0":"post-1107","1":"product","2":"type-product","3":"status-publish","4":"has-post-thumbnail","6":"product_cat-triciclo-eletrico","8":"first","9":"instock","10":"shipping-taxable","11":"purchasable","12":"product-type-simple"},"_links":{"self":[{"href":"https:\/\/maximaeletrobikes.com.br\/curitiba\/wp-json\/wp\/v2\/product\/1107","targetHints":{"allow":["GET"]}}],"collection":[{"href":"https:\/\/maximaeletrobikes.com.br\/curitiba\/wp-json\/wp\/v2\/product"}],"about":[{"href":"https:\/\/maximaeletrobikes.com.br\/curitiba\/wp-json\/wp\/v2\/types\/product"}],"wp:featuredmedia":[{"embeddable":true,"href":"https:\/\/maximaeletrobikes.com.br\/curitiba\/wp-json\/wp\/v2\/media\/1108"}],"wp:attachment":[{"href":"https:\/\/maximaeletrobikes.com.br\/curitiba\/wp-json\/wp\/v2\/media?parent=1107"}],"wp:term":[{"taxonomy":"product_brand","embeddable":true,"href":"https:\/\/maximaeletrobikes.com.br\/curitiba\/wp-json\/wp\/v2\/product_brand?post=1107"},{"taxonomy":"product_cat","embeddable":true,"href":"https:\/\/maximaeletrobikes.com.br\/curitiba\/wp-json\/wp\/v2\/product_cat?post=1107"},{"taxonomy":"product_tag","embeddable":true,"href":"https:\/\/maximaeletrobikes.com.br\/curitiba\/wp-json\/wp\/v2\/product_tag?post=1107"}],"curies":[{"name":"wp","href":"https:\/\/api.w.org\/{rel}","templated":true}]}}