{"id":1166,"date":"2023-10-10T08:37:56","date_gmt":"2023-10-10T11:37:56","guid":{"rendered":"https:\/\/maximaeletrobikes.com.br\/curitiba\/?post_type=product&#038;p=1166"},"modified":"2026-03-18T23:28:51","modified_gmt":"2026-03-19T02:28:51","slug":"scooter-1000w-8","status":"publish","type":"product","link":"https:\/\/maximaeletrobikes.com.br\/curitiba\/produto\/scooter-1000w-8\/","title":{"rendered":"Scooter M\u00e1xima S3 1000w"},"content":{"rendered":"<p>Scooter M\u00e1xima S3 1000w<\/p>\n<p>Ficha T\u00e9cnica<\/p>\n<p>\u2705 Motor 1000w<br \/>\n\u2705 Bateria 60V 20AH ( L\u00edtio)<br \/>\n\u2705 Velocidade M\u00e1xima 32Km\/h<br \/>\n\u2705 Peso Suportado 180Kg<br \/>\n\u2705 Rodas de Alum\u00ednio Aro 10<br \/>\n\u2705 Autonomia de 50km<br \/>\n\u2705 Alarme com Controle<br \/>\n\u2705 Buzina<br \/>\n\u2705 Setas<br \/>\n\u2705 Trava no Guid\u00e3o<br \/>\n\u2705 Carregador USB<br \/>\n\u2705 Marcha R\u00e9 para auxiliar manobras<br \/>\n\u2705 Painel Digital Com Marcador de velocidade, Bateria e KM Percorrido.<br \/>\n\u2705 Luzes frontal de Led<br \/>\n\u2705 Freio Dianteiro Hidr\u00e1ulico<br \/>\n\u2705 Freio traseiro a Tambor<br \/>\n\u2705 Luz DRL (FAROL DE RODAGEM DIURNA)<br \/>\n\u2705Compartimento pra Objetos<br \/>\n\u2705Chave com liga\u00e7\u00e3o Autom\u00e1tica<br \/>\n\u2705Design moderno e futurista<br \/>\n\u2705A\u00a0prova\u00a0de\u00a0chuva<\/p>\n","protected":false},"excerpt":{"rendered":"<p>Scooter M\u00e1xima S3 1000w Ficha T\u00e9cnica \u2705 Motor 1000w \u2705 Bateria 60V 20AH ( L\u00edtio) \u2705 Velocidade M\u00e1xima 32Km\/h \u2705 Peso Suportado 180Kg \u2705 Rodas de Alum\u00ednio Aro 10 \u2705 Autonomia de 50km \u2705 Alarme com Controle \u2705 Buzina \u2705 Setas \u2705 Trava no Guid\u00e3o \u2705 Carregador USB \u2705 Marcha R\u00e9 para auxiliar manobras \u2705 [&#8230;]\n","protected":false},"featured_media":1545,"template":"","meta":[],"product_brand":[],"product_cat":[106],"product_tag":[],"class_list":{"0":"post-1166","1":"product","2":"type-product","3":"status-publish","4":"has-post-thumbnail","6":"product_cat-scooter-1000w","8":"first","9":"instock","10":"shipping-taxable","11":"purchasable","12":"product-type-simple"},"_links":{"self":[{"href":"https:\/\/maximaeletrobikes.com.br\/curitiba\/wp-json\/wp\/v2\/product\/1166","targetHints":{"allow":["GET"]}}],"collection":[{"href":"https:\/\/maximaeletrobikes.com.br\/curitiba\/wp-json\/wp\/v2\/product"}],"about":[{"href":"https:\/\/maximaeletrobikes.com.br\/curitiba\/wp-json\/wp\/v2\/types\/product"}],"wp:featuredmedia":[{"embeddable":true,"href":"https:\/\/maximaeletrobikes.com.br\/curitiba\/wp-json\/wp\/v2\/media\/1545"}],"wp:attachment":[{"href":"https:\/\/maximaeletrobikes.com.br\/curitiba\/wp-json\/wp\/v2\/media?parent=1166"}],"wp:term":[{"taxonomy":"product_brand","embeddable":true,"href":"https:\/\/maximaeletrobikes.com.br\/curitiba\/wp-json\/wp\/v2\/product_brand?post=1166"},{"taxonomy":"product_cat","embeddable":true,"href":"https:\/\/maximaeletrobikes.com.br\/curitiba\/wp-json\/wp\/v2\/product_cat?post=1166"},{"taxonomy":"product_tag","embeddable":true,"href":"https:\/\/maximaeletrobikes.com.br\/curitiba\/wp-json\/wp\/v2\/product_tag?post=1166"}],"curies":[{"name":"wp","href":"https:\/\/api.w.org\/{rel}","templated":true}]}}