{"id":1266,"date":"2024-04-18T11:36:29","date_gmt":"2024-04-18T14:36:29","guid":{"rendered":"https:\/\/maximaeletrobikes.com.br\/curitiba\/?post_type=product&#038;p=1266"},"modified":"2026-03-19T22:21:40","modified_gmt":"2026-03-20T01:21:40","slug":"500wts-5","status":"publish","type":"product","link":"https:\/\/maximaeletrobikes.com.br\/curitiba\/produto\/500wts-5\/","title":{"rendered":"Bike El\u00e9trica\u00a0800wts &#8211; Bateria L\u00edtio Remov\u00edvel"},"content":{"rendered":"<p>Joy classic 800wts<br \/>\nJoy bateria l\u00edtio remov\u00edvel<br \/>\nSuporta 130kg<br \/>\nAutonomia 40 km<br \/>\nAlarme controle remoto<br \/>\nN\u00e3o precisa habilita\u00e7\u00e3o<br \/>\nValor 6.890,00<\/p>\n","protected":false},"excerpt":{"rendered":"<p>Joy classic 800wts Joy bateria l\u00edtio remov\u00edvel Suporta 130kg Autonomia 40 km Alarme controle remoto N\u00e3o precisa habilita\u00e7\u00e3o Valor 6.890,00<\/p>\n","protected":false},"featured_media":1256,"template":"","meta":[],"product_brand":[],"product_cat":[105],"product_tag":[],"class_list":{"0":"post-1266","1":"product","2":"type-product","3":"status-publish","4":"has-post-thumbnail","6":"product_cat-scooter-800w-bateria-litio","8":"first","9":"instock","10":"shipping-taxable","11":"purchasable","12":"product-type-simple"},"_links":{"self":[{"href":"https:\/\/maximaeletrobikes.com.br\/curitiba\/wp-json\/wp\/v2\/product\/1266","targetHints":{"allow":["GET"]}}],"collection":[{"href":"https:\/\/maximaeletrobikes.com.br\/curitiba\/wp-json\/wp\/v2\/product"}],"about":[{"href":"https:\/\/maximaeletrobikes.com.br\/curitiba\/wp-json\/wp\/v2\/types\/product"}],"wp:featuredmedia":[{"embeddable":true,"href":"https:\/\/maximaeletrobikes.com.br\/curitiba\/wp-json\/wp\/v2\/media\/1256"}],"wp:attachment":[{"href":"https:\/\/maximaeletrobikes.com.br\/curitiba\/wp-json\/wp\/v2\/media?parent=1266"}],"wp:term":[{"taxonomy":"product_brand","embeddable":true,"href":"https:\/\/maximaeletrobikes.com.br\/curitiba\/wp-json\/wp\/v2\/product_brand?post=1266"},{"taxonomy":"product_cat","embeddable":true,"href":"https:\/\/maximaeletrobikes.com.br\/curitiba\/wp-json\/wp\/v2\/product_cat?post=1266"},{"taxonomy":"product_tag","embeddable":true,"href":"https:\/\/maximaeletrobikes.com.br\/curitiba\/wp-json\/wp\/v2\/product_tag?post=1266"}],"curies":[{"name":"wp","href":"https:\/\/api.w.org\/{rel}","templated":true}]}}