{"id":1474,"date":"2025-06-04T15:20:57","date_gmt":"2025-06-04T18:20:57","guid":{"rendered":"https:\/\/maximaeletrobikes.com.br\/curitiba\/?post_type=product&#038;p=1474"},"modified":"2026-03-18T23:28:54","modified_gmt":"2026-03-19T02:28:54","slug":"triciclo-maxima-sd-1000w","status":"publish","type":"product","link":"https:\/\/maximaeletrobikes.com.br\/curitiba\/produto\/triciclo-maxima-sd-1000w\/","title":{"rendered":"Triciclo M\u00e1xima SD 1000w"},"content":{"rendered":"<p>Triciclo El\u00e9trico 1000w<\/p>\n<p>Bateria litio removivel<\/p>\n<p>Suporta 180kg<\/p>\n<p>Autonomia 50km<\/p>\n<p>Velocidade 32h<\/p>\n<p>Alarme com controle remoto<\/p>\n<p>N\u00e3o precisa habilita\u00e7\u00e3o<\/p>\n","protected":false},"excerpt":{"rendered":"<p>Triciclo El\u00e9trico 1000w Bateria litio removivel Suporta 180kg Autonomia 50km Velocidade 32h Alarme com controle remoto N\u00e3o precisa habilita\u00e7\u00e3o<\/p>\n","protected":false},"featured_media":1556,"template":"","meta":[],"product_brand":[],"product_cat":[98],"product_tag":[],"class_list":{"0":"post-1474","1":"product","2":"type-product","3":"status-publish","4":"has-post-thumbnail","6":"product_cat-triciclo-eletrico","8":"first","9":"instock","10":"shipping-taxable","11":"purchasable","12":"product-type-simple"},"_links":{"self":[{"href":"https:\/\/maximaeletrobikes.com.br\/curitiba\/wp-json\/wp\/v2\/product\/1474","targetHints":{"allow":["GET"]}}],"collection":[{"href":"https:\/\/maximaeletrobikes.com.br\/curitiba\/wp-json\/wp\/v2\/product"}],"about":[{"href":"https:\/\/maximaeletrobikes.com.br\/curitiba\/wp-json\/wp\/v2\/types\/product"}],"wp:featuredmedia":[{"embeddable":true,"href":"https:\/\/maximaeletrobikes.com.br\/curitiba\/wp-json\/wp\/v2\/media\/1556"}],"wp:attachment":[{"href":"https:\/\/maximaeletrobikes.com.br\/curitiba\/wp-json\/wp\/v2\/media?parent=1474"}],"wp:term":[{"taxonomy":"product_brand","embeddable":true,"href":"https:\/\/maximaeletrobikes.com.br\/curitiba\/wp-json\/wp\/v2\/product_brand?post=1474"},{"taxonomy":"product_cat","embeddable":true,"href":"https:\/\/maximaeletrobikes.com.br\/curitiba\/wp-json\/wp\/v2\/product_cat?post=1474"},{"taxonomy":"product_tag","embeddable":true,"href":"https:\/\/maximaeletrobikes.com.br\/curitiba\/wp-json\/wp\/v2\/product_tag?post=1474"}],"curies":[{"name":"wp","href":"https:\/\/api.w.org\/{rel}","templated":true}]}}