{"id":1499,"date":"2025-08-05T14:20:19","date_gmt":"2025-08-05T17:20:19","guid":{"rendered":"https:\/\/maximaeletrobikes.com.br\/curitiba\/?post_type=product&#038;p=1499"},"modified":"2026-03-19T01:11:45","modified_gmt":"2026-03-19T04:11:45","slug":"maxima-n12-1000wts-4","status":"publish","type":"product","link":"https:\/\/maximaeletrobikes.com.br\/curitiba\/produto\/maxima-n12-1000wts-4\/","title":{"rendered":"M\u00e1xima N12 1000wts"},"content":{"rendered":"<p>Lan\u00e7amento exclusivo M\u00e1xima N12 1000wts de pot\u00eancia. ( Faz 80 km de autonomia )<br \/>\nBateria de litio remov\u00edvel suporta 180kg, velocidade 32kmh \/60<br \/>\nAlarme com controle remoto.<br \/>\nPre\u00e7o de lan\u00e7amento R$9.890,00 a vista<br \/>\nEntre em contato pelo whatsapp 41 99628 7466- ou acesse www.maximaeletrobikes.com.br\/curitiba\/<\/p>\n","protected":false},"excerpt":{"rendered":"<p>Lan\u00e7amento exclusivo M\u00e1xima N12 1000wts de pot\u00eancia. ( Faz 80 km de autonomia ) Bateria de litio remov\u00edvel suporta 180kg, velocidade 32kmh \/60 Alarme com controle remoto. Pre\u00e7o de lan\u00e7amento R$9.890,00 a vista Entre em contato pelo whatsapp 41 99628 7466- ou acesse www.maximaeletrobikes.com.br\/curitiba\/<\/p>\n","protected":false},"featured_media":1492,"template":"","meta":[],"product_brand":[],"product_cat":[94,106],"product_tag":[],"class_list":{"0":"post-1499","1":"product","2":"type-product","3":"status-publish","4":"has-post-thumbnail","6":"product_cat-motos-eletricas","7":"product_cat-scooter-1000w","9":"first","10":"instock","11":"shipping-taxable","12":"purchasable","13":"product-type-simple"},"_links":{"self":[{"href":"https:\/\/maximaeletrobikes.com.br\/curitiba\/wp-json\/wp\/v2\/product\/1499","targetHints":{"allow":["GET"]}}],"collection":[{"href":"https:\/\/maximaeletrobikes.com.br\/curitiba\/wp-json\/wp\/v2\/product"}],"about":[{"href":"https:\/\/maximaeletrobikes.com.br\/curitiba\/wp-json\/wp\/v2\/types\/product"}],"wp:featuredmedia":[{"embeddable":true,"href":"https:\/\/maximaeletrobikes.com.br\/curitiba\/wp-json\/wp\/v2\/media\/1492"}],"wp:attachment":[{"href":"https:\/\/maximaeletrobikes.com.br\/curitiba\/wp-json\/wp\/v2\/media?parent=1499"}],"wp:term":[{"taxonomy":"product_brand","embeddable":true,"href":"https:\/\/maximaeletrobikes.com.br\/curitiba\/wp-json\/wp\/v2\/product_brand?post=1499"},{"taxonomy":"product_cat","embeddable":true,"href":"https:\/\/maximaeletrobikes.com.br\/curitiba\/wp-json\/wp\/v2\/product_cat?post=1499"},{"taxonomy":"product_tag","embeddable":true,"href":"https:\/\/maximaeletrobikes.com.br\/curitiba\/wp-json\/wp\/v2\/product_tag?post=1499"}],"curies":[{"name":"wp","href":"https:\/\/api.w.org\/{rel}","templated":true}]}}