{"id":1582,"date":"2025-12-08T14:55:26","date_gmt":"2025-12-08T17:55:26","guid":{"rendered":"https:\/\/maximaeletrobikes.com.br\/curitiba\/?post_type=product&#038;p=1582"},"modified":"2026-03-18T23:28:54","modified_gmt":"2026-03-19T02:28:54","slug":"v8-2","status":"publish","type":"product","link":"https:\/\/maximaeletrobikes.com.br\/curitiba\/produto\/v8-2\/","title":{"rendered":"V8"},"content":{"rendered":"<p>Lan\u00e7amento!! V8<br \/>\n1000w<br \/>\n5 Est\u00e1gios velocidade<br \/>\nAutonomia 30\/50 km<br \/>\nVelocidade 50km\/h<br \/>\nBateria l\u00edtio 48v.15A<br \/>\nFarol Led<br \/>\nPisca Led<br \/>\nSuporta at\u00e9 140kg<\/p>\n<p>em at\u00e9 18x no cart\u00e3o com tx<\/p>\n<p>Financiamento em at\u00e9 48x para aposentados pensionistas ou pra quem tem conta em banco cooperativa<\/p>\n","protected":false},"excerpt":{"rendered":"<p>Lan\u00e7amento!! V8 1000w 5 Est\u00e1gios velocidade Autonomia 30\/50 km Velocidade 50km\/h Bateria l\u00edtio 48v.15A Farol Led Pisca Led Suporta at\u00e9 140kg em at\u00e9 18x no cart\u00e3o com tx Financiamento em at\u00e9 48x para aposentados pensionistas ou pra quem tem conta em banco cooperativa<\/p>\n","protected":false},"featured_media":1095,"template":"","meta":[],"product_brand":[],"product_cat":[94],"product_tag":[],"class_list":{"0":"post-1582","1":"product","2":"type-product","3":"status-publish","4":"has-post-thumbnail","6":"product_cat-motos-eletricas","8":"first","9":"instock","10":"shipping-taxable","11":"purchasable","12":"product-type-simple"},"_links":{"self":[{"href":"https:\/\/maximaeletrobikes.com.br\/curitiba\/wp-json\/wp\/v2\/product\/1582","targetHints":{"allow":["GET"]}}],"collection":[{"href":"https:\/\/maximaeletrobikes.com.br\/curitiba\/wp-json\/wp\/v2\/product"}],"about":[{"href":"https:\/\/maximaeletrobikes.com.br\/curitiba\/wp-json\/wp\/v2\/types\/product"}],"wp:featuredmedia":[{"embeddable":true,"href":"https:\/\/maximaeletrobikes.com.br\/curitiba\/wp-json\/wp\/v2\/media\/1095"}],"wp:attachment":[{"href":"https:\/\/maximaeletrobikes.com.br\/curitiba\/wp-json\/wp\/v2\/media?parent=1582"}],"wp:term":[{"taxonomy":"product_brand","embeddable":true,"href":"https:\/\/maximaeletrobikes.com.br\/curitiba\/wp-json\/wp\/v2\/product_brand?post=1582"},{"taxonomy":"product_cat","embeddable":true,"href":"https:\/\/maximaeletrobikes.com.br\/curitiba\/wp-json\/wp\/v2\/product_cat?post=1582"},{"taxonomy":"product_tag","embeddable":true,"href":"https:\/\/maximaeletrobikes.com.br\/curitiba\/wp-json\/wp\/v2\/product_tag?post=1582"}],"curies":[{"name":"wp","href":"https:\/\/api.w.org\/{rel}","templated":true}]}}