{"id":978,"date":"2023-03-10T09:25:14","date_gmt":"2023-03-10T12:25:14","guid":{"rendered":"https:\/\/maximaeletrobikes.com.br\/curitiba\/?post_type=product&#038;p=978"},"modified":"2026-03-18T23:28:50","modified_gmt":"2026-03-19T02:28:50","slug":"bateria-12v-22-3ah","status":"publish","type":"product","link":"https:\/\/maximaeletrobikes.com.br\/curitiba\/produto\/bateria-12v-22-3ah\/","title":{"rendered":"Seguro para sua moto"},"content":{"rendered":"<p>O que voc\u00ea faria se sua scooter fosse roubada? E se voc\u00ea se envolvesse em uma colis\u00e3o?<\/p>\n<p>Nada disso precisa te gerar dor de cabe\u00e7a se sua scooter for protegida<\/p>\n<p>A partir de R$ 55,00 mensais voc\u00ea garante sua prote\u00e7\u00e3o e tranquilidade. Entre em contato para receber um or\u00e7amento agora!<\/p>\n","protected":false},"excerpt":{"rendered":"<p>O que voc\u00ea faria se sua scooter fosse roubada? E se voc\u00ea se envolvesse em uma colis\u00e3o? Nada disso precisa te gerar dor de cabe\u00e7a se sua scooter for protegida A partir de R$ 55,00 mensais voc\u00ea garante sua prote\u00e7\u00e3o e tranquilidade. Entre em contato para receber um or\u00e7amento agora!<\/p>\n","protected":false},"featured_media":1590,"template":"","meta":[],"product_brand":[],"product_cat":[95],"product_tag":[],"class_list":{"0":"post-978","1":"product","2":"type-product","3":"status-publish","4":"has-post-thumbnail","6":"product_cat-acessorios","8":"first","9":"instock","10":"shipping-taxable","11":"product-type-simple"},"_links":{"self":[{"href":"https:\/\/maximaeletrobikes.com.br\/curitiba\/wp-json\/wp\/v2\/product\/978","targetHints":{"allow":["GET"]}}],"collection":[{"href":"https:\/\/maximaeletrobikes.com.br\/curitiba\/wp-json\/wp\/v2\/product"}],"about":[{"href":"https:\/\/maximaeletrobikes.com.br\/curitiba\/wp-json\/wp\/v2\/types\/product"}],"wp:featuredmedia":[{"embeddable":true,"href":"https:\/\/maximaeletrobikes.com.br\/curitiba\/wp-json\/wp\/v2\/media\/1590"}],"wp:attachment":[{"href":"https:\/\/maximaeletrobikes.com.br\/curitiba\/wp-json\/wp\/v2\/media?parent=978"}],"wp:term":[{"taxonomy":"product_brand","embeddable":true,"href":"https:\/\/maximaeletrobikes.com.br\/curitiba\/wp-json\/wp\/v2\/product_brand?post=978"},{"taxonomy":"product_cat","embeddable":true,"href":"https:\/\/maximaeletrobikes.com.br\/curitiba\/wp-json\/wp\/v2\/product_cat?post=978"},{"taxonomy":"product_tag","embeddable":true,"href":"https:\/\/maximaeletrobikes.com.br\/curitiba\/wp-json\/wp\/v2\/product_tag?post=978"}],"curies":[{"name":"wp","href":"https:\/\/api.w.org\/{rel}","templated":true}]}}